{"id":89,"date":"2025-11-17T15:28:20","date_gmt":"2025-11-17T15:28:20","guid":{"rendered":"https:\/\/signatureancestrale.com\/?post_type=product&#038;p=89"},"modified":"2025-12-16T16:44:13","modified_gmt":"2025-12-16T16:44:13","slug":"3-soins-energetiques-a-distance","status":"publish","type":"product","link":"https:\/\/signatureancestrale.com\/index.php\/produit\/3-soins-energetiques-a-distance\/","title":{"rendered":"3 soins \u00e9nerg\u00e9tiques Reiki \u00e0 distance"},"content":{"rendered":"<p><strong><span style=\"font-family: inherit;\"><span style=\"font-size: medium;\">Le reiki \u00e0 distance est une \u00e9nergie universelle intelligente, de haute fr\u00e9quence et <\/span><\/span><\/strong><strong><span style=\"font-family: inherit;\"><span style=\"font-size: medium;\">bienveillant<\/span><\/span><\/strong><strong><span style=\"font-family: inherit;\"><span style=\"font-size: medium;\">e<\/span><\/span><\/strong><span style=\"font-family: inherit;\"><span style=\"font-size: medium;\"> au service de votre \u00e9quilibre \u00e9nerg\u00e9tique, de votre \u00e9volution personnelle et de votre mieux-\u00eatre global.<\/span><\/span><\/p>\n<p><span style=\"font-family: inherit;\"><span style=\"font-size: medium;\">Chaque <\/span><\/span><strong><span style=\"font-family: inherit;\"><span style=\"font-size: medium;\">s\u00e9ance de <\/span><\/span><\/strong><strong><span style=\"font-family: inherit;\"><span style=\"font-size: medium;\">soin <\/span><\/span><\/strong><strong><span style=\"font-family: inherit;\"><span style=\"font-size: medium;\">Reiki \u00e0 distance<\/span><\/span><\/strong> <span style=\"font-family: inherit;\"><span style=\"font-size: medium;\">f<\/span><\/span><span style=\"font-family: inherit;\"><span style=\"font-size: medium;\">avorise l<\/span><\/span><span style=\"font-family: inherit;\"><span style=\"font-size: medium;\">\u2019<\/span><\/span><span style=\"font-family: inherit;\"><span style=\"font-size: medium;\">harmonisation <\/span><\/span><span style=\"font-family: inherit;\"><span style=\"font-size: medium;\"> \u00e9nerg\u00e9tique, la d\u00e9tente profonde et le bien-\u00eatre . <\/span><\/span><span style=\"font-family: inherit;\"><span style=\"font-size: medium;\">Sa dur\u00e9e est d\u2019une heure et s\u2019effectuera au moment que nous choisirons ensemble. <\/span><\/span><\/p>\n<p><span style=\"font-family: inherit;\"><span style=\"font-size: medium;\">C<\/span><\/span><span style=\"font-family: inherit;\"><span style=\"font-size: medium;\">et article contient trois soins \u00e9nerg\u00e9tiques Reiki \u00e0 distance.<\/span><\/span><\/p>\n","protected":false},"excerpt":{"rendered":"<p>3 soins \u00e9nerg\u00e9tiques \u00e0 distances espac\u00e9s<\/p>\n","protected":false},"featured_media":136,"template":"","meta":[],"product_brand":[],"product_cat":[18],"product_tag":[],"class_list":{"0":"post-89","1":"product","2":"type-product","3":"status-publish","4":"has-post-thumbnail","6":"product_cat-soins","8":"first","9":"instock","10":"shipping-taxable","11":"purchasable","12":"product-type-simple"},"aioseo_notices":[],"jetpack_sharing_enabled":true,"_links":{"self":[{"href":"https:\/\/signatureancestrale.com\/index.php\/wp-json\/wp\/v2\/product\/89","targetHints":{"allow":["GET"]}}],"collection":[{"href":"https:\/\/signatureancestrale.com\/index.php\/wp-json\/wp\/v2\/product"}],"about":[{"href":"https:\/\/signatureancestrale.com\/index.php\/wp-json\/wp\/v2\/types\/product"}],"wp:featuredmedia":[{"embeddable":true,"href":"https:\/\/signatureancestrale.com\/index.php\/wp-json\/wp\/v2\/media\/136"}],"wp:attachment":[{"href":"https:\/\/signatureancestrale.com\/index.php\/wp-json\/wp\/v2\/media?parent=89"}],"wp:term":[{"taxonomy":"product_brand","embeddable":true,"href":"https:\/\/signatureancestrale.com\/index.php\/wp-json\/wp\/v2\/product_brand?post=89"},{"taxonomy":"product_cat","embeddable":true,"href":"https:\/\/signatureancestrale.com\/index.php\/wp-json\/wp\/v2\/product_cat?post=89"},{"taxonomy":"product_tag","embeddable":true,"href":"https:\/\/signatureancestrale.com\/index.php\/wp-json\/wp\/v2\/product_tag?post=89"}],"curies":[{"name":"wp","href":"https:\/\/api.w.org\/{rel}","templated":true}]}}