{"id":161,"date":"2025-12-15T15:19:29","date_gmt":"2025-12-15T15:19:29","guid":{"rendered":"https:\/\/signatureancestrale.com\/?page_id=161"},"modified":"2025-12-29T18:28:40","modified_gmt":"2025-12-29T18:28:40","slug":"le-reiki","status":"publish","type":"page","link":"https:\/\/signatureancestrale.com\/index.php\/le-reiki\/","title":{"rendered":"Le Reiki"},"content":{"rendered":"\n<h2 class=\"wp-block-heading\">Qu\u2019est-ce que le Reiki et quelle est son origine ?<\/h2>\n\n\n<div class=\"wp-block-image\">\n<figure class=\"alignleft size-full is-resized\"><img loading=\"lazy\" decoding=\"async\" width=\"250\" height=\"475\" src=\"http:\/\/signatureancestrale.com\/wp-content\/uploads\/2025\/12\/reiki.png\" alt=\"Reiki en Kanji Japonnais, le Rei qui veut dire \u00e2me, esprit et le Ki qui a pour sens l'\u00e9nergie vitale.\" class=\"wp-image-206\" style=\"width:120px\" srcset=\"https:\/\/signatureancestrale.com\/wp-content\/uploads\/2025\/12\/reiki.png 250w, https:\/\/signatureancestrale.com\/wp-content\/uploads\/2025\/12\/reiki-158x300.png 158w\" sizes=\"auto, (max-width: 250px) 100vw, 250px\" \/><\/figure>\n<\/div>\n\n\n<p>Le Reiki est une m\u00e9thode de soin \u00e9nerg\u00e9tique d\u2019origine japonaise. Il repose sur la transmission de l\u2019\u00e9nergie universelle par l\u2019imposition des mains, afin de favoriser l\u2019harmonie du corps, de l\u2019esprit et des \u00e9motions.<\/p>\n\n\n<div class=\"wp-block-image\">\n<figure class=\"alignright size-full is-resized\"><img loading=\"lazy\" decoding=\"async\" width=\"300\" height=\"439\" src=\"http:\/\/signatureancestrale.com\/wp-content\/uploads\/2025\/12\/Mikao-Usui.jpg\" alt=\"Mikao Usui, portrait du ma\u00eetre japonnais en noir et blanc\" class=\"wp-image-205\" style=\"width:120px\" srcset=\"https:\/\/signatureancestrale.com\/wp-content\/uploads\/2025\/12\/Mikao-Usui.jpg 300w, https:\/\/signatureancestrale.com\/wp-content\/uploads\/2025\/12\/Mikao-Usui-205x300.jpg 205w\" sizes=\"auto, (max-width: 300px) 100vw, 300px\" \/><\/figure>\n<\/div>\n\n\n<p>Cette pratique a \u00e9t\u00e9 red\u00e9couverte au d\u00e9but du XX\u1d49 si\u00e8cle par <strong>Mikao Usui<\/strong>, un ma\u00eetre spirituel japonais. Le Reiki s\u2019inscrit dans une approche de bien-\u00eatre globale, visant \u00e0 soutenir les capacit\u00e9s naturelles d\u2019auto-\u00e9quilibration de la personne.<\/p>\n\n\n\n<p>Le Reiki apporte d\u00e9tente, apaisement et soutien \u00e9nerg\u00e9tique, et s\u2019utilise en compl\u00e9ment des soins m\u00e9dicaux, sans jamais s\u2019y substituer.<\/p>\n\n\n\n<hr class=\"wp-block-separator has-alpha-channel-opacity\"\/>\n\n\n\n<h2 class=\"wp-block-heading\">Qu\u2019est-ce que le Reiki \u00e0 distance ?<\/h2>\n\n\n\n<p>Le Reiki \u00e0 distance est une pratique \u00e9nerg\u00e9tique qui permet de transmettre l\u2019\u00e9nergie Reiki sans contact physique et sans pr\u00e9sence dans un m\u00eame lieu.<br>Contrairement aux soins \u00ab en pr\u00e9sentiel \u00bb, la personne qui re\u00e7oit le soin et le praticien ne sont pas ensemble physiquement, mais l\u2019\u00e9nergie circule tout aussi efficacement.<\/p>\n\n\n\n<p>Le Reiki repose sur le principe que l\u2019\u00e9nergie n\u2019est pas limit\u00e9e par le temps ni par l\u2019espace. Gr\u00e2ce \u00e0 des techniques sp\u00e9cifiques enseign\u00e9es dans la pratique du Reiki, le praticien peut canaliser et envoyer l\u2019\u00e9nergie l\u00e0 o\u00f9 la personne en a le plus besoin, o\u00f9 qu\u2019elle se trouve.<\/p>\n\n\n\n<hr class=\"wp-block-separator has-alpha-channel-opacity\"\/>\n\n\n\n<h2 class=\"wp-block-heading\">Comment se d\u00e9roule un soin Reiki \u00e0 distance ?<\/h2>\n\n\n\n<p>Lors d\u2019un soin \u00e0 distance, la personne peut recevoir le Reiki dans un moment de calme, g\u00e9n\u00e9ralement allong\u00e9e ou assise confortablement chez elle&nbsp;ou m\u00eame \u00eatre en action au travail par exemple, elle ressentira une sensation de bien-\u00eatre, de soutien \u00e9nerg\u00e9tique ou qu\u2019elle soit et quoiqu\u2019elle fasse.<br>De son c\u00f4t\u00e9, le praticien se met dans un \u00e9tat de concentration et de connexion \u00e9nerg\u00e9tique afin de transmettre le soin.<\/p>\n\n\n\n<p>Pendant la s\u00e9ance, il est possible de ressentir :<\/p>\n\n\n\n<ul class=\"wp-block-list\">\n<li>une profonde d\u00e9tente<\/li>\n\n\n\n<li>des sensations de chaleur ou de picotements<\/li>\n\n\n\n<li>des \u00e9motions qui se lib\u00e8rent<\/li>\n\n\n\n<li>ou simplement un apaisement g\u00e9n\u00e9ral<\/li>\n<\/ul>\n\n\n\n<p>Chaque exp\u00e9rience est unique et parfaitement juste pour la personne qui re\u00e7oit le soin.<\/p>\n\n\n\n<hr class=\"wp-block-separator has-alpha-channel-opacity\"\/>\n\n\n\n<h2 class=\"wp-block-heading\">Quels sont les bienfaits du Reiki \u00e0 distance ?<\/h2>\n\n\n\n<p>Le Reiki \u00e0 distance peut aider \u00e0 :<\/p>\n\n\n\n<ul class=\"wp-block-list\">\n<li>r\u00e9duire le stress et l\u2019anxi\u00e9t\u00e9<\/li>\n\n\n\n<li>favoriser la d\u00e9tente physique et mentale<\/li>\n\n\n\n<li>accompagner les p\u00e9riodes de fatigue ou de transition<\/li>\n\n\n\n<li>soutenir l\u2019\u00e9quilibre \u00e9motionnel<\/li>\n\n\n\n<li>renforcer le bien-\u00eatre global<\/li>\n<\/ul>\n\n\n\n<p>Il agit comme un soutien doux et naturel, en compl\u00e9ment d\u2019un suivi m\u00e9dical si n\u00e9cessaire, mais ne s\u2019y substitue pas.<\/p>\n\n\n\n<hr class=\"wp-block-separator has-alpha-channel-opacity\"\/>\n\n\n\n<h2 class=\"wp-block-heading\">\u00c0 qui s\u2019adresse le Reiki \u00e0 distance ?<\/h2>\n\n\n\n<p>Le Reiki \u00e0 distance convient \u00e0 toute personne, quel que soit son \u00e2ge ou sa situation, notamment :<\/p>\n\n\n\n<ul class=\"wp-block-list\">\n<li>celles qui sont tr\u00e8s occup\u00e9es<\/li>\n\n\n\n<li>celles qui pr\u00e9f\u00e8rent recevoir un soin chez elles<\/li>\n\n\n\n<li>celles qui refusent le contact physique<\/li>\n\n\n\n<li>celles qui vivent loin g\u00e9ographiquement<\/li>\n<\/ul>\n\n\n\n<h2 class=\"wp-block-heading\">Combien de soins Reiki \u00e0 distance sont recommand\u00e9s ?<\/h2>\n\n\n\n<p>Le nombre de soins Reiki \u00e0 distance d\u00e9pend des besoins, des attentes et de la situation de chaque personne. Le Reiki \u00e9tant une pratique \u00e9nerg\u00e9tique douce, il n\u2019existe pas de r\u00e8gle stricte ou universelle.<br>Une s\u00e9ance de Reiki dure g\u00e9n\u00e9ralement 1 heure.<\/p>\n\n\n\n<p>\ud83d\udd39 <strong>Pour une d\u00e9couverte ou un besoin ponctuel<\/strong><br>Une s\u00e9ance peut suffire pour apporter d\u00e9tente, apaisement et r\u00e9\u00e9quilibrage \u00e9nerg\u00e9tique..<\/p>\n\n\n\n<p>\ud83d\udd39 <strong>Pour un accompagnement plus profond ou sur une probl\u00e9matique pr\u00e9cise<\/strong><br>Un cycle de <strong>3 \u00e0 5 s\u00e9ances<\/strong>, espac\u00e9es d\u2019une journ\u00e9e, de quelques jours \u00e0 une semaine, est souvent recommand\u00e9 afin de permettre \u00e0 l\u2019\u00e9nergie d\u2019agir progressivement et en profondeur.<\/p>\n\n\n\n<p>\ud83d\udd39 <strong>Pour un entretien du bien-\u00eatre<\/strong><br>Certaines personnes choisissent de recevoir un soin de mani\u00e8re r\u00e9guli\u00e8re (par exemple une fois par semaine ou par mois), comme un soutien \u00e9nerg\u00e9tique et \u00e9motionnel.<\/p>\n\n\n\n<p>Chaque personne est unique : le rythme et le nombre de s\u00e9ances sont toujours adapt\u00e9s en fonction des ressentis et de l\u2019\u00e9volution de chacun, dans le respect et la bienveillance.<\/p>\n\n\n\n<p>Le Reiki ne remplace pas un suivi m\u00e9dical mais peut \u00eatre un compl\u00e9ment pr\u00e9cieux au bien-\u00eatre global<\/p>\n\n\n\n<p><\/p>\n","protected":false},"excerpt":{"rendered":"<p>Qu\u2019est-ce que le Reiki et quelle est son origine ? Le Reiki est une m\u00e9thode de soin \u00e9nerg\u00e9tique d\u2019origine japonaise. Il repose sur la transmission de l\u2019\u00e9nergie universelle par l\u2019imposition &hellip; <\/p>\n","protected":false},"author":2,"featured_media":0,"parent":0,"menu_order":0,"comment_status":"closed","ping_status":"closed","template":"","meta":{"footnotes":""},"class_list":["post-161","page","type-page","status-publish","hentry"],"aioseo_notices":[],"jetpack_sharing_enabled":true,"_links":{"self":[{"href":"https:\/\/signatureancestrale.com\/index.php\/wp-json\/wp\/v2\/pages\/161","targetHints":{"allow":["GET"]}}],"collection":[{"href":"https:\/\/signatureancestrale.com\/index.php\/wp-json\/wp\/v2\/pages"}],"about":[{"href":"https:\/\/signatureancestrale.com\/index.php\/wp-json\/wp\/v2\/types\/page"}],"author":[{"embeddable":true,"href":"https:\/\/signatureancestrale.com\/index.php\/wp-json\/wp\/v2\/users\/2"}],"replies":[{"embeddable":true,"href":"https:\/\/signatureancestrale.com\/index.php\/wp-json\/wp\/v2\/comments?post=161"}],"version-history":[{"count":5,"href":"https:\/\/signatureancestrale.com\/index.php\/wp-json\/wp\/v2\/pages\/161\/revisions"}],"predecessor-version":[{"id":242,"href":"https:\/\/signatureancestrale.com\/index.php\/wp-json\/wp\/v2\/pages\/161\/revisions\/242"}],"wp:attachment":[{"href":"https:\/\/signatureancestrale.com\/index.php\/wp-json\/wp\/v2\/media?parent=161"}],"curies":[{"name":"wp","href":"https:\/\/api.w.org\/{rel}","templated":true}]}}