{"id":120,"date":"2025-12-10T14:12:37","date_gmt":"2025-12-10T14:12:37","guid":{"rendered":"https:\/\/signatureancestrale.com\/?page_id=120"},"modified":"2025-12-23T15:21:27","modified_gmt":"2025-12-23T15:21:27","slug":"mentions-legales","status":"publish","type":"page","link":"https:\/\/signatureancestrale.com\/index.php\/mentions-legales\/","title":{"rendered":"Mentions L\u00e9gales \u2013 Site de Signature Ancestrale"},"content":{"rendered":"\n<div class=\"wp-block-group\"><div class=\"wp-block-group__inner-container is-layout-constrained wp-block-group-is-layout-constrained\">\n<h2 class=\"wp-block-heading\">1. <strong>\u00c9diteur du site<\/strong><\/h2>\n\n\n\n<p><strong>Raison sociale : <\/strong>Signature Ancestrale<br><strong>Adresse&nbsp;: <\/strong>5 Place Jean le Bon, 86000 Poitiers<br><strong>T\u00e9l\u00e9phone : <\/strong>07 44 43 46 01<br><strong>E-mail : <\/strong>contact@signatureancestrale.com<br><strong>Statut juridique :<\/strong> Auto-entrepreneur<br><strong>Num\u00e9ro SIREN&nbsp;: <\/strong>794595082 <strong>\/ SIRET&nbsp;: <\/strong>79459508200049<br><strong>Code APE : <\/strong>1000<br><br><br><\/p>\n\n\n\n<hr class=\"wp-block-separator has-alpha-channel-opacity\"\/>\n<\/div><\/div>\n\n\n\n<div class=\"wp-block-group\"><div class=\"wp-block-group__inner-container is-layout-constrained wp-block-group-is-layout-constrained\">\n<h2 class=\"wp-block-heading\">2. <strong>Responsable de publication<\/strong><\/h2>\n\n\n\n<p><strong>Nom et pr\u00e9nom : <\/strong>Laurent Sabrina<br><strong>E-mail : <\/strong>contact@signatureancestrale.com<\/p>\n\n\n\n<hr class=\"wp-block-separator has-alpha-channel-opacity\"\/>\n<\/div><\/div>\n\n\n\n<div class=\"wp-block-group\"><div class=\"wp-block-group__inner-container is-layout-constrained wp-block-group-is-layout-constrained\">\n<h2 class=\"wp-block-heading\">3. <strong>H\u00e9bergeur<\/strong><\/h2>\n\n\n\n<p><strong>Nom de l\u2019h\u00e9bergeur : <\/strong>SAS OVH- https:\/\/www.ovh.com\/<br><strong>Adresse : <\/strong>2 rue Kelermann, BP 80157, 59100 Roubaix<\/p>\n\n\n\n<hr class=\"wp-block-separator has-alpha-channel-opacity\"\/>\n<\/div><\/div>\n\n\n\n<div class=\"wp-block-group\"><div class=\"wp-block-group__inner-container is-layout-constrained wp-block-group-is-layout-constrained\">\n<h2 class=\"wp-block-heading\">4. <strong>Propri\u00e9t\u00e9 intellectuelle<\/strong><\/h2>\n\n\n\n<p>L\u2019ensemble du contenu du site (textes, images, logos, graphismes, vid\u00e9os, etc.) est prot\u00e9g\u00e9 par le droit d\u2019auteur et appartient \u00e0 <strong>Signature Ancestrale<\/strong>, sauf mention contraire.<br>Toute reproduction, modification, distribution ou exploitation non autoris\u00e9e est interdite.<\/p>\n\n\n\n<hr class=\"wp-block-separator has-alpha-channel-opacity\"\/>\n<\/div><\/div>\n\n\n\n<div class=\"wp-block-group\"><div class=\"wp-block-group__inner-container is-layout-constrained wp-block-group-is-layout-constrained\">\n<h2 class=\"wp-block-heading\">5. <strong>Renseignements relatifs \u00e0 l\u2019activit\u00e9 de<\/strong> soins \u00e9nerg\u00e9tiques<\/h2>\n\n\n\n<p>Les s\u00e9ances de soins \u00e9nerg\u00e9tiques \u00e0 distance propos\u00e9es sur ce site rel\u00e8vent du <strong>bien-\u00eatre et de la relaxation<\/strong>.<br>Elles <strong>ne remplacent en aucun cas<\/strong> <strong>un traitement m\u00e9dical<\/strong>, un avis de professionnel de sant\u00e9 ou une psychoth\u00e9rapie.<br>Pour toute probl\u00e9matique m\u00e9dicale, veuillez consulter un m\u00e9decin.<\/p>\n\n\n\n<hr class=\"wp-block-separator has-alpha-channel-opacity\"\/>\n<\/div><\/div>\n\n\n\n<div class=\"wp-block-group\"><div class=\"wp-block-group__inner-container is-layout-constrained wp-block-group-is-layout-constrained\">\n<h2 class=\"wp-block-heading\">6. <strong>Protection des donn\u00e9es (RGPD)<\/strong><\/h2>\n\n\n\n<h3 class=\"wp-block-heading\">Donn\u00e9es collect\u00e9es :<\/h3>\n\n\n\n<ul class=\"wp-block-list\">\n<li>Nom, pr\u00e9nom<\/li>\n\n\n\n<li>Adresse e-mail<\/li>\n\n\n\n<li>T\u00e9l\u00e9phone<\/li>\n\n\n\n<li>Donn\u00e9es n\u00e9cessaires \u00e0 la prise de rendez-vous<\/li>\n\n\n\n<li>Cookies de navigation (le cas \u00e9ch\u00e9ant)<\/li>\n<\/ul>\n\n\n\n<h3 class=\"wp-block-heading\">Finalit\u00e9s :<\/h3>\n\n\n\n<ul class=\"wp-block-list\">\n<li>Gestion des demandes<\/li>\n\n\n\n<li>Prise de rendez-vous<\/li>\n\n\n\n<li>Envoi d&rsquo;informations (avec consentement)<\/li>\n<\/ul>\n\n\n\n<h3 class=\"wp-block-heading\">Dur\u00e9e de conservation :<\/h3>\n\n\n\n<p>Les donn\u00e9es sont conserv\u00e9es pour une <strong>dur\u00e9e maximale de 3 ans<\/strong> \u00e0 compter du dernier contact.<\/p>\n\n\n\n<h3 class=\"wp-block-heading\">Droits de l\u2019utilisateur :<\/h3>\n\n\n\n<p>Conform\u00e9ment au RGPD, vous disposez des droits suivants :<\/p>\n\n\n\n<ul class=\"wp-block-list\">\n<li>droit d\u2019acc\u00e8s<\/li>\n\n\n\n<li>droit de rectification<\/li>\n\n\n\n<li>droit \u00e0 l&rsquo;effacement<\/li>\n\n\n\n<li>droit d\u2019opposition<\/li>\n\n\n\n<li>droit \u00e0 la limitation du traitement<\/li>\n\n\n\n<li>droit \u00e0 la portabilit\u00e9<\/li>\n<\/ul>\n\n\n\n<p>Pour exercer vos droits :<br><strong>E-mail : <\/strong>contact@signatureancestrale.com<\/p>\n\n\n\n<hr class=\"wp-block-separator has-alpha-channel-opacity\"\/>\n<\/div><\/div>\n\n\n\n<div class=\"wp-block-group\"><div class=\"wp-block-group__inner-container is-layout-constrained wp-block-group-is-layout-constrained\">\n<h2 class=\"wp-block-heading\">7. <strong>Cookies<\/strong><\/h2>\n\n\n\n<p>Le site peut utiliser des cookies destin\u00e9s \u00e0 :<\/p>\n\n\n\n<ul class=\"wp-block-list\">\n<li>am\u00e9liorer la navigation<\/li>\n\n\n\n<li>mesurer l\u2019audience (ex : Google Analytics)<\/li>\n\n\n\n<li>permettre certaines fonctionnalit\u00e9s<\/li>\n<\/ul>\n\n\n\n<p>L\u2019utilisateur peut refuser l\u2019installation des cookies en consultant les param\u00e8tres de son navigateur ou via le module de gestion des cookies sur le site.<\/p>\n\n\n\n<hr class=\"wp-block-separator has-alpha-channel-opacity\"\/>\n<\/div><\/div>\n\n\n\n<div class=\"wp-block-group\"><div class=\"wp-block-group__inner-container is-layout-constrained wp-block-group-is-layout-constrained\">\n<h2 class=\"wp-block-heading\">8. <strong>Responsabilit\u00e9<\/strong><\/h2>\n\n\n\n<p>L\u2019\u00e9diteur ne pourra \u00eatre tenu responsable :<\/p>\n\n\n\n<ul class=\"wp-block-list\">\n<li>des interruptions du site,<\/li>\n\n\n\n<li>de bugs techniques,<\/li>\n\n\n\n<li>de tout dommage r\u00e9sultant d\u2019une mauvaise utilisation du site,<\/li>\n\n\n\n<li>des contenus externes li\u00e9s via des liens hypertextes.<\/li>\n<\/ul>\n\n\n\n<hr class=\"wp-block-separator has-alpha-channel-opacity\"\/>\n<\/div><\/div>\n\n\n\n<div class=\"wp-block-group\"><div class=\"wp-block-group__inner-container is-layout-constrained wp-block-group-is-layout-constrained\">\n<h2 class=\"wp-block-heading\">9. <strong>M\u00e9diation \u00e0 la consommation<\/strong><\/h2>\n\n\n\n<p>Conform\u00e9ment aux articles L.612-1 et suivants du Code de la consommation, en cas de litige, vous pouvez faire appel \u00e0 un m\u00e9diateur :<br>(En cours d\u2019adh\u00e9sion)<\/p>\n\n\n\n<hr class=\"wp-block-separator has-alpha-channel-opacity\"\/>\n<\/div><\/div>\n\n\n\n<div class=\"wp-block-group\"><div class=\"wp-block-group__inner-container is-layout-constrained wp-block-group-is-layout-constrained\">\n<h2 class=\"wp-block-heading\">10. <strong>Contact<\/strong><\/h2>\n\n\n\n<p>Pour toute question concernant les mentions l\u00e9gales :<br><strong>E-mail : <\/strong>contact@signatureancesrale.com<\/p>\n\n\n\n<p><\/p>\n<\/div><\/div>\n\n\n\n<p><\/p>\n","protected":false},"excerpt":{"rendered":"<p>1. \u00c9diteur du site Raison sociale : Signature AncestraleAdresse&nbsp;: 5 Place Jean le Bon, 86000 PoitiersT\u00e9l\u00e9phone : 07 44 43 46 01E-mail : contact@signatureancestrale.comStatut juridique : Auto-entrepreneurNum\u00e9ro SIREN&nbsp;: 794595082 \/ &hellip; <\/p>\n","protected":false},"author":2,"featured_media":0,"parent":0,"menu_order":0,"comment_status":"closed","ping_status":"closed","template":"","meta":{"footnotes":""},"class_list":["post-120","page","type-page","status-publish","hentry"],"aioseo_notices":[],"jetpack_sharing_enabled":true,"_links":{"self":[{"href":"https:\/\/signatureancestrale.com\/index.php\/wp-json\/wp\/v2\/pages\/120","targetHints":{"allow":["GET"]}}],"collection":[{"href":"https:\/\/signatureancestrale.com\/index.php\/wp-json\/wp\/v2\/pages"}],"about":[{"href":"https:\/\/signatureancestrale.com\/index.php\/wp-json\/wp\/v2\/types\/page"}],"author":[{"embeddable":true,"href":"https:\/\/signatureancestrale.com\/index.php\/wp-json\/wp\/v2\/users\/2"}],"replies":[{"embeddable":true,"href":"https:\/\/signatureancestrale.com\/index.php\/wp-json\/wp\/v2\/comments?post=120"}],"version-history":[{"count":5,"href":"https:\/\/signatureancestrale.com\/index.php\/wp-json\/wp\/v2\/pages\/120\/revisions"}],"predecessor-version":[{"id":202,"href":"https:\/\/signatureancestrale.com\/index.php\/wp-json\/wp\/v2\/pages\/120\/revisions\/202"}],"wp:attachment":[{"href":"https:\/\/signatureancestrale.com\/index.php\/wp-json\/wp\/v2\/media?parent=120"}],"curies":[{"name":"wp","href":"https:\/\/api.w.org\/{rel}","templated":true}]}}